{"id":24,"date":"2015-03-29T10:20:52","date_gmt":"2015-03-29T08:20:52","guid":{"rendered":"http:\/\/www.vouk.at\/?page_id=24"},"modified":"2024-01-10T14:58:16","modified_gmt":"2024-01-10T13:58:16","slug":"kunst-im-oeffentlichen-raum-umetnost-v-javnem-prostoru","status":"publish","type":"page","link":"https:\/\/www.vouk.at\/?page_id=24","title":{"rendered":"KUNST IM \u00d6FFENTLICHEN RAUM \/ UMETNOST V JAVNEM PROSTORU"},"content":{"rendered":"<table>\n<tbody>\n<tr>\n<td width=\"64\">&nbsp;<\/td>\n<td width=\"489\"><span style=\"color: #000000;\">Auswahl \/&nbsp;Izbor<br \/>\n<\/span><\/td>\n<\/tr>\n<tr>\n<td width=\"64\">&nbsp;<\/td>\n<td width=\"489\">&nbsp;<span style=\"color: #ffffff;\">leer<\/span><\/td>\n<\/tr>\n<tr>\n<td width=\"64\">&nbsp;2022<\/td>\n<td width=\"489\"><strong>SPUREN. SLEDI<br \/>\n<\/strong>Zum 80. Gedenkjahr der Deportation von K\u00e4rntner Sloweninnen und Slowenen, Installation im Burghof\/MMKK (ehem. Sitz der Gestapo) \/ Ob 80. obletnici pregona koro\u0161kih Slovenk in Slovencev, instalacija v grajskem dvori\u0161\u010du\/MMKK (biv\u0161i sede\u017e gestapa), Klagenfurt\/Celovec (Vouk, Pru\u0161nik, Lipu\u0161, Gotthardt).<br \/>\nKonzept &amp; Koordination \/ koncept &amp; koordinacija: Karl Vouk, Foto: Ferdinand Neum\u00fcller<br \/>\nngg_shortcode_0_placeholder<\/td>\n<\/tr>\n<tr>\n<td width=\"64\">&nbsp;<\/td>\n<td width=\"489\">&nbsp;<span style=\"color: #ffffff;\">leer<\/span><\/td>\n<\/tr>\n<tr>\n<td width=\"64\">&nbsp;2022<\/td>\n<td width=\"489\"><strong>GEOGRAPHIE DER ERINNERUNG \/ GEOGRAFIJA SPOMINJANJA<br \/>\n<\/strong>Zum 80. Gedenkjahr der Deportation von K\u00e4rntner Sloweninnen und Slowenen, Installation im Pavelhaus \/ Ob 80. obletnici pregona koro\u0161kih Slovenk in Slovencev, instalacija v Pavlovi hi\u0161i, Laafeld\/Potrna, Radkersburg\/Radgona<br \/>\nngg_shortcode_1_placeholder<br \/>\nngg_shortcode_2_placeholder<\/td>\n<\/tr>\n<tr>\n<td width=\"64\">&nbsp;<\/td>\n<td width=\"489\">&nbsp;<span style=\"color: #ffffff;\">leer<\/span><\/td>\n<\/tr>\n<tr>\n<td width=\"64\">&nbsp;2021<\/td>\n<td width=\"489\"><strong>KORO\u0160KA UNSER,<\/strong> <strong>Karl Vouk: F*CK VfGH \u2013 358 vs. 164<br \/>\n<\/strong>100 Jahre K\u00e4rntner Volksabstimmung \/ Ob 100. obletnici koro\u0161kega plebiscita, Pavlova hi\u0161a \/ Pavelhaus, Laafeld\/Potrna, Foto: David Kranzelbinder<br \/>\nngg_shortcode_3_placeholder<\/td>\n<\/tr>\n<tr>\n<td width=\"64\">&nbsp;<\/td>\n<td width=\"489\">&nbsp;<span style=\"color: #ffffff;\">leer<\/span><\/td>\n<\/tr>\n<tr>\n<td width=\"64\">&nbsp;2020<\/td>\n<td width=\"489\"><strong>MISSING LINK<br \/>\n<\/strong>Denkmal f\u00fcr die nach der K\u00e4rntner Volksabstimmung 1920 vertriebenen K\u00e4rntner Sloweninnen und Slowenen \/ Spomenik koro\u0161kim Slovenkam in Slovencem, pregnanim po koro\u0161kem plebiscitu 1920 (Projekt)<br \/>\nngg_shortcode_4_placeholder<\/td>\n<\/tr>\n<tr>\n<td width=\"64\">&nbsp;<\/td>\n<td width=\"489\">&nbsp;<span style=\"color: #ffffff;\">leer<\/span><\/td>\n<\/tr>\n<tr>\n<td width=\"64\">&nbsp;2018<\/td>\n<td width=\"489\"><strong>PASSION. PASSIO. PASIJON MARIA SAAL\/GOSPA SVETA<br \/>\n<\/strong>Kreuzweg mit 15 Stationen \/ Kri\u017eev pot s 15 postajami, Foto: Ferdinand Neum\u00fcller<br \/>\nngg_shortcode_5_placeholder<\/td>\n<\/tr>\n<tr>\n<td width=\"64\">&nbsp;<\/td>\n<td width=\"489\">&nbsp;<span style=\"color: #ffffff;\">leer<\/span><\/td>\n<\/tr>\n<tr>\n<td width=\"64\">2015<\/td>\n<td width=\"489\"><strong>ANGELA PISKERNIK<br \/>\n<\/strong>Spominska plo\u0161\u010da \/ Gedenktafel, Kirchplatz \/ cerkveni trg, Bad Eisenkappel\/\u017delezna Kapla<br \/>\nngg_shortcode_6_placeholder<\/td>\n<\/tr>\n<tr>\n<td width=\"64\">&nbsp;<\/td>\n<td width=\"489\">&nbsp;<span style=\"color: #ffffff;\">leer<\/span><\/td>\n<\/tr>\n<tr>\n<td width=\"64\">2014<\/td>\n<td width=\"489\"><strong>KAPELLE GAILTALKLINIK, HERMAGOR\/\u0160MOHOR<br \/>\n<\/strong>K\u00fcnstlerische Gestaltung \/ umetni\u0161ko oblikovanje<br \/>\nngg_shortcode_7_placeholder<\/td>\n<\/tr>\n<tr>\n<td width=\"64\">&nbsp;<\/td>\n<td width=\"489\">&nbsp;<span style=\"color: #ffffff;\">leer<\/span><\/td>\n<\/tr>\n<tr>\n<td width=\"64\">2014<\/td>\n<td width=\"489\"><strong>IHR SEID DAS SALZ DER ERDE<br \/>\n<\/strong>Salzsilo, St. Kanzian\/\u0160kocjan (Wettbewerb\/nate\u010daj, 1. Preis\/nagrada)<br \/>\nngg_shortcode_8_placeholder<\/td>\n<\/tr>\n<tr>\n<td width=\"64\">&nbsp;<\/td>\n<td width=\"489\">&nbsp;<span style=\"color: #ffffff;\">leer<\/span><\/td>\n<\/tr>\n<tr>\n<td width=\"64\">2013<\/td>\n<td width=\"489\"><strong>RADWEGSTATION R1<br \/>\n<\/strong>St. Nikolai\/\u0160miklav\u017e, Ruden\/Ruda<br \/>\nngg_shortcode_9_placeholder<\/td>\n<\/tr>\n<tr>\n<td width=\"64\">&nbsp;<\/td>\n<td width=\"489\">&nbsp;<span style=\"color: #ffffff;\">leer<\/span><\/td>\n<\/tr>\n<tr>\n<td width=\"64\">2012<\/td>\n<td width=\"489\"><strong>ABRAHAM 2012<br \/>\n<\/strong>Kirche Krumpendorf, k\u00fcnstlerische Intervention \/ Cerkev v Krivi Vrbi, umetni\u0161ka intervencija<br \/>\nngg_shortcode_10_placeholder<\/td>\n<\/tr>\n<tr>\n<td width=\"64\">&nbsp;<\/td>\n<td width=\"489\">&nbsp;<span style=\"color: #ffffff;\">leer<\/span><\/td>\n<\/tr>\n<tr>\n<td width=\"64\">2009<\/td>\n<td width=\"489\"><strong>VITA : MORS<br \/>\n<\/strong>Aufbahrungshalle Krumpendorf-Pirk \/ Poslovilna ve\u017eica Kriva Vrba-Breza<br \/>\nngg_shortcode_11_placeholder<\/td>\n<\/tr>\n<tr>\n<td width=\"64\">&nbsp;<\/td>\n<td width=\"489\">&nbsp;<span style=\"color: #ffffff;\">leer<\/span><\/td>\n<\/tr>\n<tr>\n<td width=\"64\">2008<\/td>\n<td width=\"489\"><strong>WIETING<br \/>\n<\/strong>Kirchplatz \/ Cerkveni trg<br \/>\nngg_shortcode_12_placeholder<\/td>\n<\/tr>\n<tr>\n<td width=\"64\">&nbsp;<\/td>\n<td width=\"489\">&nbsp;<span style=\"color: #ffffff;\">leer<\/span><\/td>\n<\/tr>\n<tr>\n<td width=\"64\">2007<\/td>\n<td width=\"489\"><strong>COLATIO<br \/>\n<\/strong>Kreisverkehr \/ Kro\u017ei\u0161\u010de, Stari trg, Slovenj Gradec, Foto: Tomo Jeseni\u010dnik<br \/>\nngg_shortcode_13_placeholder<\/td>\n<\/tr>\n<tr>\n<td width=\"64\">&nbsp;<\/td>\n<td width=\"489\">&nbsp;<span style=\"color: #ffffff;\">leer<\/span><\/td>\n<\/tr>\n<tr>\n<td width=\"64\">2006<\/td>\n<td width=\"489\"><strong>ROTA<br \/>\n<\/strong>Kinetisches Objekt, Gemeindeamt, St. Michael ob Bleiburg \/ Kineti\u010dni objekt, ob\u010dinski urad, \u0160mihel pri Pliberku, Foto: Tomo Jeseni\u010dnik<br \/>\nngg_shortcode_14_placeholder<\/td>\n<\/tr>\n<tr>\n<td width=\"64\">&nbsp;<\/td>\n<td width=\"489\">&nbsp;<span style=\"color: #ffffff;\">leer<\/span><\/td>\n<\/tr>\n<tr>\n<td width=\"64\">&nbsp;2006<\/td>\n<td width=\"489\"><strong>SOLYSOMBRA 1<br \/>\n<\/strong>Kinetische Objekte \/ Kineti\u010dni objekti, Bleiburg\/Pliberk, Foto: Rosina Katz<strong><strong><br \/>\n<\/strong><\/strong><br \/>\nngg_shortcode_15_placeholder<\/td>\n<\/tr>\n<tr>\n<td width=\"64\">&nbsp;<\/td>\n<td width=\"489\">&nbsp;<span style=\"color: #ffffff;\">leer<\/span><\/td>\n<\/tr>\n<tr>\n<td width=\"64\">&nbsp;2006<\/td>\n<td width=\"489\"><strong>SOLYSOMBRA 2<\/strong><br \/>\nKinetische Objekte \/ Kineti\u010dni objekti, cerkev Sv. Vida, Dravograd, Foto: Tomo Jeseni\u010dnik<br \/>\nngg_shortcode_16_placeholder<\/td>\n<\/tr>\n<tr>\n<td width=\"64\">&nbsp;<\/td>\n<td width=\"489\">&nbsp;<span style=\"color: #ffffff;\">leer<\/span><\/td>\n<\/tr>\n<tr>\n<td width=\"64\">&nbsp;2006<\/td>\n<td width=\"489\"><strong>VITA HEMAE<br \/>\n<\/strong>Kirchenfenster \/ Cerkvena okna, Bleiburg\/Pliberk<br \/>\nngg_shortcode_17_placeholder<\/td>\n<\/tr>\n<tr>\n<td width=\"64\">&nbsp;<\/td>\n<td width=\"489\">&nbsp;<span style=\"color: #ffffff;\">leer<\/span><\/td>\n<\/tr>\n<tr>\n<td width=\"64\">&nbsp;2006<\/td>\n<td width=\"489\"><strong>ECCLESIA<br \/>\n<\/strong>Kirchenfenster \/ Cerkvena okna, Badersdorf, Foto: Rosina Katz<br \/>\nngg_shortcode_18_placeholder<\/td>\n<\/tr>\n<tr>\n<td width=\"64\">&nbsp;<\/td>\n<td width=\"489\">&nbsp;<span style=\"color: #ffffff;\">leer<\/span><\/td>\n<\/tr>\n<tr>\n<td width=\"64\">2006<\/td>\n<td width=\"489\"><strong>CRUZIFICATIONE<br \/>\n<\/strong>Bildstock \/ Znamenje, Tschrestal\/\u010crezdol, K\u00f6ttmannsdorf\/Kotmara vas<br \/>\nngg_shortcode_19_placeholder<\/td>\n<\/tr>\n<tr>\n<td width=\"64\">&nbsp;<\/td>\n<td width=\"489\">&nbsp;<span style=\"color: #ffffff;\">leer<\/span><\/td>\n<\/tr>\n<tr>\n<td width=\"64\">2006<\/td>\n<td width=\"489\"><strong>MATER DOLOROSA<br \/>\n<\/strong>Bildstock \/ Znamenje, Schwanein\/Zvonina, K\u00f6ttmannsdorf\/Kotmara vas<br \/>\nngg_shortcode_20_placeholder<\/td>\n<\/tr>\n<tr>\n<td width=\"64\">&nbsp;<\/td>\n<td width=\"489\">&nbsp;<span style=\"color: #ffffff;\">leer<\/span><\/td>\n<\/tr>\n<tr>\n<td width=\"64\">2004<\/td>\n<td width=\"489\"><strong>VITA AETERNA<br \/>\n<\/strong>Projekt Granatapfel<strong><br \/>\n<\/strong>Installation \/ Instalacija, KelagSchau-Kraftwerk Forstsee, Saag bei Techelsberg, Foto: Peter Kelih, Werner K\u00f6stenberger<br \/>\nngg_shortcode_21_placeholder<\/td>\n<\/tr>\n<tr>\n<td width=\"64\">&nbsp;<\/td>\n<td width=\"489\">&nbsp;<span style=\"color: #ffffff;\">leer<\/span><\/td>\n<\/tr>\n<tr>\n<td width=\"64\">2003<\/td>\n<td width=\"489\"><strong>SIGN &amp; LIGHT<br \/>\n<\/strong>Kreisverkehr \/ Kro\u017ei\u0161\u010de B70, V\u00f6lkermarkt\/Velikovec, Foto: Ferdinand Neum\u00fcller<br \/>\nngg_shortcode_22_placeholder<\/td>\n<\/tr>\n<tr>\n<td width=\"64\">&nbsp;<\/td>\n<td width=\"489\">&nbsp;<span style=\"color: #ffffff;\">leer<\/span><\/td>\n<\/tr>\n<tr>\n<td width=\"64\">&nbsp;2003<\/td>\n<td width=\"489\"><strong>AMBIENT<br \/>\n<\/strong>Rad-Raststation, Aich ob Bleiburg \/ Po\u010divali\u0161\u010de ob kolesarski poti, Dob pri Pliberku, Foto: Ferdinand Neum\u00fcller<br \/>\nngg_shortcode_23_placeholder<\/td>\n<\/tr>\n<tr>\n<td width=\"64\">&nbsp;<\/td>\n<td width=\"489\">&nbsp;<span style=\"color: #ffffff;\">leer<\/span><\/td>\n<\/tr>\n<tr>\n<td width=\"64\">&nbsp;2003<\/td>\n<td width=\"489\"><strong>VIA LONGA<br \/>\n<\/strong>Kirche Damtschach bei Villach \/ Cerkev Doma\u010dale pri Beljaku, Foto: Hannes Kohlmeier<br \/>\nngg_shortcode_24_placeholder<\/td>\n<\/tr>\n<tr>\n<td width=\"64\">&nbsp;<\/td>\n<td width=\"489\">&nbsp;<span style=\"color: #ffffff;\">leer<\/span><\/td>\n<\/tr>\n<tr>\n<td width=\"64\">1992<\/td>\n<td width=\"489\"><strong>IV. STATIO<br \/>\n<\/strong>K\u00e4rntner Kreuzweg, Stein im Jauntal \/ Koro\u0161ki kri\u017eev pot, Kamen v Podjuni<\/td>\n<\/tr>\n<tr>\n<td width=\"64\">&nbsp;<\/td>\n<td width=\"489\">&nbsp;<span style=\"color: #ffffff;\">leer<\/span><\/td>\n<\/tr>\n<tr>\n<td width=\"64\">&nbsp;1988<\/td>\n<td width=\"489\"><strong>PRINZENBRUNNEN \/ PRIN\u010cEV VODOMET<br \/>\n<\/strong>Gurk\/Krka<br \/>\nngg_shortcode_25_placeholder<\/td>\n<\/tr>\n<\/tbody>\n<\/table>\n","protected":false},"excerpt":{"rendered":"<p>&nbsp; Auswahl \/&nbsp;Izbor &nbsp; &nbsp;leer &nbsp;2022 SPUREN. SLEDI Zum 80. Gedenkjahr der Deportation von K\u00e4rntner Sloweninnen und Slowenen, Installation im Burghof\/MMKK (ehem. Sitz der Gestapo) \/ Ob 80. obletnici pregona koro\u0161kih Slovenk in Slovencev, instalacija v grajskem dvori\u0161\u010du\/MMKK (biv\u0161i sede\u017e gestapa), Klagenfurt\/Celovec (Vouk, Pru\u0161nik, Lipu\u0161, Gotthardt). Konzept &amp; Koordination \/ koncept &amp; koordinacija: Karl Vouk, [&hellip;]<\/p>\n","protected":false},"author":1,"featured_media":0,"parent":14,"menu_order":0,"comment_status":"open","ping_status":"closed","template":"","meta":{"ngg_post_thumbnail":0,"footnotes":""},"class_list":["post-24","page","type-page","status-publish","hentry"],"_links":{"self":[{"href":"https:\/\/www.vouk.at\/index.php?rest_route=\/wp\/v2\/pages\/24","targetHints":{"allow":["GET"]}}],"collection":[{"href":"https:\/\/www.vouk.at\/index.php?rest_route=\/wp\/v2\/pages"}],"about":[{"href":"https:\/\/www.vouk.at\/index.php?rest_route=\/wp\/v2\/types\/page"}],"author":[{"embeddable":true,"href":"https:\/\/www.vouk.at\/index.php?rest_route=\/wp\/v2\/users\/1"}],"replies":[{"embeddable":true,"href":"https:\/\/www.vouk.at\/index.php?rest_route=%2Fwp%2Fv2%2Fcomments&post=24"}],"version-history":[{"count":98,"href":"https:\/\/www.vouk.at\/index.php?rest_route=\/wp\/v2\/pages\/24\/revisions"}],"predecessor-version":[{"id":1491,"href":"https:\/\/www.vouk.at\/index.php?rest_route=\/wp\/v2\/pages\/24\/revisions\/1491"}],"up":[{"embeddable":true,"href":"https:\/\/www.vouk.at\/index.php?rest_route=\/wp\/v2\/pages\/14"}],"wp:attachment":[{"href":"https:\/\/www.vouk.at\/index.php?rest_route=%2Fwp%2Fv2%2Fmedia&parent=24"}],"curies":[{"name":"wp","href":"https:\/\/api.w.org\/{rel}","templated":true}]}}